{"id":1385,"date":"2023-10-24T16:49:33","date_gmt":"2023-10-24T16:49:33","guid":{"rendered":"https:\/\/lrad-tourisme.dakni.sn\/?page_id=1385"},"modified":"2023-10-24T19:17:52","modified_gmt":"2023-10-24T19:17:52","slug":"mentions-legales","status":"publish","type":"page","link":"https:\/\/www.sandconsulting.sn\/en\/mentions-legales\/","title":{"rendered":"Legal information"},"content":{"rendered":"<div data-elementor-type=\"wp-page\" data-elementor-id=\"1385\" class=\"elementor elementor-1385\" data-elementor-post-type=\"page\">\n\t\t\t\t<div class=\"elementor-element elementor-element-815ca61 e-flex e-con-boxed e-con e-parent\" data-id=\"815ca61\" data-element_type=\"container\" data-e-type=\"container\" data-settings=\"{&quot;background_background&quot;:&quot;classic&quot;,&quot;jet_parallax_layout_list&quot;:[]}\">\n\t\t\t\t\t<div class=\"e-con-inner\">\n\t\t<div class=\"elementor-element elementor-element-7a9b146 e-con-full e-flex e-con e-child\" data-id=\"7a9b146\" data-element_type=\"container\" data-e-type=\"container\" data-settings=\"{&quot;jet_parallax_layout_list&quot;:[]}\">\n\t\t\t\t<div class=\"elementor-element elementor-element-b051969 elementor-widget elementor-widget-heading\" data-id=\"b051969\" data-element_type=\"widget\" data-e-type=\"widget\" data-widget_type=\"heading.default\">\n\t\t\t\t<div class=\"elementor-widget-container\">\n\t\t\t\t\t<h1 class=\"elementor-heading-title elementor-size-default\">Legal information<\/h1>\t\t\t\t<\/div>\n\t\t\t\t<\/div>\n\t\t\t\t<\/div>\n\t\t\t\t\t<\/div>\n\t\t\t\t<\/div>\n\t\t<div class=\"elementor-element elementor-element-47cf7c6 e-flex e-con-boxed e-con e-parent\" data-id=\"47cf7c6\" data-element_type=\"container\" data-e-type=\"container\" data-settings=\"{&quot;background_background&quot;:&quot;classic&quot;,&quot;jet_parallax_layout_list&quot;:[]}\">\n\t\t\t\t\t<div class=\"e-con-inner\">\n\t\t<div class=\"elementor-element elementor-element-bd5d440 e-con-full e-flex e-con e-child\" data-id=\"bd5d440\" data-element_type=\"container\" data-e-type=\"container\" data-settings=\"{&quot;background_background&quot;:&quot;classic&quot;,&quot;jet_parallax_layout_list&quot;:[]}\">\n\t\t\t\t<div class=\"elementor-element elementor-element-9eb268c elementor-widget elementor-widget-spacer\" data-id=\"9eb268c\" data-element_type=\"widget\" data-e-type=\"widget\" data-widget_type=\"spacer.default\">\n\t\t\t\t<div class=\"elementor-widget-container\">\n\t\t\t\t\t\t\t<div class=\"elementor-spacer\">\n\t\t\t<div class=\"elementor-spacer-inner\"><\/div>\n\t\t<\/div>\n\t\t\t\t\t\t<\/div>\n\t\t\t\t<\/div>\n\t\t\t\t<\/div>\n\t\t<div class=\"elementor-element elementor-element-d499b7e e-con-full e-flex e-con e-child\" data-id=\"d499b7e\" data-element_type=\"container\" data-e-type=\"container\" data-settings=\"{&quot;background_background&quot;:&quot;classic&quot;,&quot;jet_parallax_layout_list&quot;:[]}\">\n\t\t\t\t<div class=\"elementor-element elementor-element-63d9ea5 animated-slow elementor-invisible elementor-widget elementor-widget-text-editor\" data-id=\"63d9ea5\" data-element_type=\"widget\" data-e-type=\"widget\" data-settings=\"{&quot;_animation&quot;:&quot;fadeInUp&quot;}\" data-widget_type=\"text-editor.default\">\n\t\t\t\t<div class=\"elementor-widget-container\">\n\t\t\t\t\t\t\t\t\t<p>In accordance with the law n\u00b0 2008-12 of January 25, 2008 concerning the protection of personal data, we bring to the attention of the users and visitors of the site <a href=\"http:\/\/www.sandconsulting.sn\/en\/\" target=\"_blank\" rel=\"noopener\">www.sandconsulting.sn<\/a> the following information:<\/p><p><strong>PUBLISHER<\/strong><\/p><p>The website <a href=\"http:\/\/www.sandconsulting.sn\/en\/\" target=\"_blank\" rel=\"noopener\">www.sandconsulting.sn<\/a>\u00a0is the exclusive property of\u00a0<strong>SAND Consulting<\/strong>, which publishes it.<\/p><p><strong>Address of the site editor:\u00a0<\/strong><\/p><p>Central Park, Avenue Malick SY, 1er \u00e9tage,<br \/>Dakar \u2013 S\u00e9n\u00e9gal<\/p><p><strong>E-mail address:<\/strong>contact@sandconsulting.sn<br \/><strong>Publication Manager:<\/strong>\u00a0: Monsieur Sara TINE<strong><br \/>Contact the publisher:<br \/><\/strong><a href=\"mailto:sara.tine@sandconslting.sn\">sara.tine@sandconslting.sn<\/a>\u00a0| 33 826 55 18<strong><br \/><\/strong><\/p><p><strong>DEVELOPER<br \/><a href=\"https:\/\/www.dakni.sn\/\">Dakni<\/a>\u00a0\u2013\u00a0<\/strong> Data Knowledge Institut<strong><br \/><\/strong><\/p><p><strong>HOSTING<br \/><\/strong><a href=\"https:\/\/www.dakni.sn\/\">Dakni<\/a>\u00a0SAS via\u00a0<strong>OVH S\u00e9n\u00e9gal<br \/><span class=\"LrzXr\">Avenue A. Fadiga, Dakar<\/span><\/strong><\/p>\t\t\t\t\t\t\t\t<\/div>\n\t\t\t\t<\/div>\n\t\t\t\t<\/div>\n\t\t\t\t\t<\/div>\n\t\t\t\t<\/div>\n\t\t\t\t<\/div>","protected":false},"excerpt":{"rendered":"<p>Mentions L\u00e9gales Conform\u00e9ment \u00e0 la loi n\u00b0 2008-12 du 25 Janvier 2008 portant sur la protection des donn\u00e9es \u00e0 caract\u00e8re personnel, nous portons \u00e0 la connaissance des utilisateurs et visiteurs du site www.sandconsulting.sn les informations suivantes : \u00c9DITEUR Le site www.sandconsulting.sn\u00a0est la propri\u00e9t\u00e9 exclusive de\u00a0SAND Consulting, qui l\u2019\u00e9dite. Adresse de l\u2019\u00e9diteur du site :\u00a0 Central [&hellip;]<\/p>\n","protected":false},"author":2,"featured_media":0,"parent":0,"menu_order":0,"comment_status":"closed","ping_status":"closed","template":"elementor_header_footer","meta":{"_seopress_robots_primary_cat":"","_seopress_titles_title":"","_seopress_titles_desc":"","_seopress_robots_index":"","_jet_sm_ready_style":"","_jet_sm_style":"","_jet_sm_controls_values":"","_jet_sm_fonts_collection":"","_jet_sm_fonts_links":"","footnotes":""},"class_list":["post-1385","page","type-page","status-publish","hentry"],"_links":{"self":[{"href":"https:\/\/www.sandconsulting.sn\/en\/wp-json\/wp\/v2\/pages\/1385","targetHints":{"allow":["GET"]}}],"collection":[{"href":"https:\/\/www.sandconsulting.sn\/en\/wp-json\/wp\/v2\/pages"}],"about":[{"href":"https:\/\/www.sandconsulting.sn\/en\/wp-json\/wp\/v2\/types\/page"}],"author":[{"embeddable":true,"href":"https:\/\/www.sandconsulting.sn\/en\/wp-json\/wp\/v2\/users\/2"}],"replies":[{"embeddable":true,"href":"https:\/\/www.sandconsulting.sn\/en\/wp-json\/wp\/v2\/comments?post=1385"}],"version-history":[{"count":22,"href":"https:\/\/www.sandconsulting.sn\/en\/wp-json\/wp\/v2\/pages\/1385\/revisions"}],"predecessor-version":[{"id":1414,"href":"https:\/\/www.sandconsulting.sn\/en\/wp-json\/wp\/v2\/pages\/1385\/revisions\/1414"}],"wp:attachment":[{"href":"https:\/\/www.sandconsulting.sn\/en\/wp-json\/wp\/v2\/media?parent=1385"}],"curies":[{"name":"wp","href":"https:\/\/api.w.org\/{rel}","templated":true}]}}